{"id":73,"date":"2024-12-27T11:22:48","date_gmt":"2024-12-27T11:22:48","guid":{"rendered":"https:\/\/muzykawzamkuniebios.pl\/?page_id=73"},"modified":"2024-12-31T08:34:11","modified_gmt":"2024-12-31T08:34:11","slug":"bydgoszcz-przemyslowa-to-bydgoszcz-intrygujaca","status":"publish","type":"page","link":"https:\/\/muzykawzamkuniebios.pl\/?page_id=73","title":{"rendered":"Bydgoszcz przemys\u0142owa to Bydgoszcz intryguj\u0105ca"},"content":{"rendered":"\n<p>Nie da si\u0119 ukry\u0107, \u017ce losy bydgoskiego przemys\u0142u zas\u0142uguj\u0105 co najmniej na sag\u0119 podobn\u0105 do \u0142\u00f3dzkiej \u201eZiemi obiecanej\u201d. Nie doczekali\u015bmy si\u0119 wprawdzie swojego Reymonta, jednak\u017ce grzechem by\u0142oby pomini\u0119cie roli, jak\u0105 odegra\u0142y dla dzisiejszego rozumienia dziedzictwa przemys\u0142owego relacje Jerzego Sulimy-Kami\u0144skiego czy Zbigniewa Raszewskiego. Pokolenie PRL z czu\u0142o\u015bci\u0105 wspomina powojenny rozkwit gospodarczy, zw\u0142aszcza w kontek\u015bcie wymierania przemys\u0142u w latach 90. Przez lata brzmia\u0142o to jak niedorzeczna romantyzacja wygas\u0142ych komin\u00f3w, ale wydaje si\u0119, \u017ce w ko\u0144cu zacz\u0119li\u015bmy to dziedzictwo docenia\u0107, szanowa\u0107 i w efekcie \u2013 odczuwa\u0107 z jego powodu dum\u0119. Bo w\u0142a\u015bnie z poczucia dumy i obecno\u015bci w \u015bwiecie dobrych wzorc\u00f3w w zakresie turystyki industrialnej wyr\u00f3s\u0142 w Bydgoszczy Szlak Wody, Przemys\u0142u i Rzemios\u0142a TeH2O.<br>Nie sta\u0142oby si\u0119 to, gdyby nie dwie wyj\u0105tkowe kobiety pracuj\u0105ce na rzecz naszego miasta \u2013 Hanna Lewandowska i Natalia Majewska. Zainspirowane Styryjskim Szlakiem \u017belaza, Szlakiem Energii w \u0141u\u017cycach oraz nieco bli\u017cszym nam Szlakiem Zabytk\u00f3w Techniki Wojew\u00f3dztwa \u015al\u0105skiego, napisa\u0142y projekt utworzenia bydgoskiego szlaku i zaanga\u017cowa\u0142y w proces jego powo\u0142ania czo\u0142owych ekspert\u00f3w z zakresu dziedzictwa kulturowego. <\/p>\n\n\n\n<p>I tak od czerwca 2015 roku <a href=\"https:\/\/ludzieitechnika.pl\/\" target=\"_blank\" rel=\"noreferrer noopener\">Szlak TeH2O <\/a>dzie\u0144 po dniu skutecznie edukuje mieszka\u0144c\u00f3w i turyst\u00f3w, \u017ce w pozosta\u0142o\u015bciach po fabrykach mo\u017cna szuka\u0107 nie tylko \u015blad\u00f3w historii dawnych bydgoszczan, buduj\u0105cych pot\u0119g\u0119 miasta, ale tak\u017ce ca\u0142kiem wsp\u00f3\u0142czesnych emocji i wzrusze\u0144. Szlak zmienia\u0142 swoich operator\u00f3w (w chwili obecnej szcz\u0119\u015bliwie zarz\u0105dza nim Miejskie Centrum Kultury w Bydgoszczy), zmieni\u0142 struktur\u0119 poprzez zwi\u0119kszenie liczby obiekt\u00f3w (z 15 do 20), ale z pewno\u015bci\u0105 uczyni\u0142 jedn\u0105 rzecz naprawd\u0119 znakomicie \u2013 wraz z coraz liczniejszymi or\u0119downikami bydgoskiego dziedzictwa wsp\u00f3\u0142wychowa\u0142 spo\u0142ecze\u0144stwo obywatelskie, kt\u00f3re w obronie komina zlokalizowanego na terenie Bydgoskiej Wenecji, b\u0119d\u0105cego pozosta\u0142o\u015bci\u0105 po Fabryce Cukr\u00f3w, Czekolady i Kakao \u201eLukullus\u201d, mo\u017ce rozp\u0119ta\u0107 regularn\u0105 burz\u0119 deweloperowi niepomnemu na walory dziedzictwa kulturowego miasta. Z sukcesem, bo komin zosta\u0142 ocalony!<\/p>\n\n\n\n<p>Dzi\u015b bydgoszczanie doceniaj\u0105 zrewitalizowane obiekty poprzemys\u0142owe i z ochot\u0105 korzystaj\u0105 z nadanych im nowych funkcji. Chwalimy si\u0119 rodzinie i znajomym z innych cz\u0119\u015bci kraju oraz \u015bwiata podmiotami u\u017cyteczno\u015bci publicznej zlokalizowanymi w miejscach, kt\u00f3re \u2013 gdyby nie umi\u0142owanie technologicznej przesz\u0142o\u015bci Bydgoszczy \u2013 by\u0142yby skazane na zag\u0142ad\u0119.<\/p>\n\n\n\n<p><\/p>\n\n\n\n<figure class=\"wp-block-image size-full\"><img loading=\"lazy\" decoding=\"async\" width=\"602\" height=\"881\" src=\"https:\/\/muzykawzamkuniebios.pl\/wp-content\/uploads\/2024\/12\/teh2o.jpg\" alt=\"\" class=\"wp-image-522\" srcset=\"https:\/\/muzykawzamkuniebios.pl\/wp-content\/uploads\/2024\/12\/teh2o.jpg 602w, https:\/\/muzykawzamkuniebios.pl\/wp-content\/uploads\/2024\/12\/teh2o-205x300.jpg 205w, https:\/\/muzykawzamkuniebios.pl\/wp-content\/uploads\/2024\/12\/teh2o-500x732.jpg 500w\" sizes=\"auto, (max-width: 602px) 100vw, 602px\" \/><\/figure>\n\n\n\n<p>Prawda jest taka, \u017ce nasze miasto zbudowali fabrykanci \u2013 czerpi\u0105c z nadzwyczajnych talent\u00f3w najs\u0142ynniejszych architekt\u00f3w XIX-wiecznej Europy, finansowali ich \u015bmia\u0142e pomys\u0142y. Bo trzeba to jasno powiedzie\u0107, \u017ce cho\u0107 oczywi\u015bcie architektura fabryczna spe\u0142nia\u0142a wysokie kryteria estetyczne (wystarczy spojrze\u0107 na budynki Dawnej Gazowni Miejskiej czy obie lokalizacje Muzeum Wodoci\u0105g\u00f3w), to jednak \u015bcis\u0142e centrum miasta tworzy\u0142y wille i kamienice wspomnianych przedsi\u0119biorc\u00f3w. Nie ma zatem w\u0105tpliwo\u015bci, \u017ce dzisiejsze secesyjne i neogotyckie pere\u0142ki nie istnia\u0142yby, gdyby w Bydgoszczy inteligencja techniczna i wyczucie estetyki nie sz\u0142y w jednym szeregu z ekonomi\u0105.<\/p>\n\n\n\n<p>I to w\u0142a\u015bnie w Bydgoszczy regularnie przekonujemy si\u0119, \u017ce postindustrialne wn\u0119trza wspaniale komponuj\u0105 si\u0119 z muzyk\u0105. Jedn\u0105 z pierwszych okazji pozwalaj\u0105cych si\u0119 o tym przekona\u0107 by\u0142 festiwal Muzyka w willi Blumwego, kt\u00f3ry ju\u017c w pierwszych edycjach wyszed\u0142 daleko poza tytu\u0142ow\u0105 will\u0119 niegdysiejszego w\u0142a\u015bciciela Fabryki Obrabiarek do Drewna, dzi\u015b b\u0119d\u0105c\u0105 siedzib\u0105 Radia PiK. Bydgoszczanie mieli okazj\u0119 wys\u0142ucha\u0107 festiwalowych koncert\u00f3w w m.in. zabytkowej hali produkcyjnej FOD-u oraz w odrestaurowanych M\u0142ynach Rothera. W przestrzeni Hali Pomp zarz\u0105dzanej przez Muzeum Wodoci\u0105g\u00f3w od lat wspaniale wybrzmiewa festiwal Muzyka u \u0179r\u00f3de\u0142. Obie wspomniane hale \u2013 FOD-u i Pomp oraz Wie\u017ca Ci\u015bnie\u0144 go\u015bci\u0142y r\u00f3wnie\u017c koncerty inauguruj\u0105ce i ko\u0144cz\u0105ce TehoFest, czyli bodaj najwa\u017cniejszy z dotychczasowych industrialnych festiwali w Bydgoszczy \u2013 \u015bwi\u0119to wspomnianego Szlaku TeH2O. Pi\u0119kn\u0105 przestrze\u0144 koncertow\u0105 o charakterze plenerowym tworzy Barka Lemara wraz z ulic\u0105 Spichlern\u0105 i Spichrzami nad Brd\u0105, w kt\u00f3rych mie\u015bci si\u0119 jeden z oddzia\u0142\u00f3w Muzeum Okr\u0119gowego im. Leona Wycz\u00f3\u0142kowskiego. W\u0142a\u015bnie tutaj, splataj\u0105c losy szypr\u00f3w oraz bydgoskiego krwiobiegu, jakim jest rzeka Brda, organizuje si\u0119 liczne wydarzenia muzyczne, \u0142\u0105cznie z pota\u0144c\u00f3wkami pod go\u0142ym niebem (a gdy jest zimno \u2013 pod lemarow\u0105 ferdek\u0105). I w tym zestawieniu nie mog\u0142o oczywi\u015bcie zabrakn\u0105\u0107 Muzyki w Zamku Niebios, zorganizowanej przez Fundacj\u0119 Kino Pomorzanin i wybrzmia\u0142ej we wspomnianych ju\u017c M\u0142ynach Rothera.<\/p>\n\n\n\n<p>Kiedy pisz\u0119 do Pa\u0144stwa te s\u0142owa, powoli ko\u0144czy si\u0119 Rok Kobiet Odwa\u017cnych. Powszechnie wiadomo, \u017ce Bydgoszcz jest kobiet\u0105, a patrz\u0105c jej dzieje, kt\u00f3re dane mi by\u0142o (zaledwie w skr\u00f3cie) tu zarysowa\u0107, odwagi jej absolutnie odm\u00f3wi\u0107 nie mo\u017cna. Cho\u0107 wielokrotnie silnie i bole\u015bnie do\u015bwiadczana przez los na przestrzeni stuleci, przesz\u0142a ogromn\u0105 metamorfoz\u0119, odradzaj\u0105c si\u0119 niczym feniks z popio\u0142\u00f3w. Mimo \u017ce nie brakowa\u0142o z\u0142o\u015bliwych, nazywaj\u0105cych j\u0105 Brzydgoszcz\u0105, nie straci\u0142a tak\u017ce tych wiernych mi\u0142o\u015bnik\u00f3w, w kt\u00f3rych zakochanych oczach zawsze by\u0142a pi\u0119kna i pe\u0142na potencja\u0142u. Dzi\u015b ju\u017c wiemy, \u017ce wi\u0119kszo\u015b\u0107 jej mo\u017cliwo\u015bci jest dobrze wykorzystywana i nale\u017cycie eksponowana. \u017byczmy zatem naszemu miastu dalszego wzrastania w swoich warto\u015bciach i walorach.<\/p>\n\n\n\n<hr class=\"wp-block-separator has-alpha-channel-opacity\"\/>\n\n\n<div class=\"wp-block-image is-style-rounded\">\n<figure class=\"aligncenter size-full is-resized\"><img loading=\"lazy\" decoding=\"async\" width=\"490\" height=\"490\" src=\"http:\/\/muzykawzamkuniebios.pl\/wp-content\/uploads\/2024\/12\/kinga-puchowska.jpg\" alt=\"\" class=\"wp-image-76\" style=\"width:200px\" srcset=\"https:\/\/muzykawzamkuniebios.pl\/wp-content\/uploads\/2024\/12\/kinga-puchowska.jpg 490w, https:\/\/muzykawzamkuniebios.pl\/wp-content\/uploads\/2024\/12\/kinga-puchowska-300x300.jpg 300w, https:\/\/muzykawzamkuniebios.pl\/wp-content\/uploads\/2024\/12\/kinga-puchowska-150x150.jpg 150w\" sizes=\"auto, (max-width: 490px) 100vw, 490px\" \/><\/figure>\n<\/div>\n\n\n<p class=\"has-text-align-center has-small-font-size\"><em><strong>Kinga Puchowska<br><\/strong>absolwentka polonistyki UKW o specjalno\u015bci komunikacja spo\u0142eczna, pracowa\u0142a m. in. w Muzeum Okr\u0119gowym im. Leona Wycz\u00f3\u0142kowskiego w Bydgoszczy, gdzie pe\u0142ni\u0142a funkcj\u0119 koordynatora Szlaku Wody, Przemys\u0142u i Rzemios\u0142a TeH2O. Entuzjastka i propagatorka dziedzictwa technicznego, organizatorka pierwszej w Polsce \u201eNocy w fabryce\u201d \u2013 wydarzenia na wz\u00f3r Europejskiej Nocy Muze\u00f3w. Aktualnie zajmuje si\u0119 promocj\u0105 produktu turystycznego, jakim jest Zesp\u00f3\u0142 Pa\u0142acowo-Parkowy w Ostromecku.<\/em><\/p>\n\n\n\n<hr class=\"wp-block-separator has-alpha-channel-opacity\"\/>\n\n\n<div class=\"wp-block-image\">\n<figure class=\"aligncenter size-full is-resized\"><a href=\"https:\/\/creativecommons.org\/licenses\/by-sa\/4.0\/deed.pl\" target=\"_blank\" rel=\" noreferrer noopener\"><img loading=\"lazy\" decoding=\"async\" width=\"379\" height=\"133\" src=\"https:\/\/muzykawzamkuniebios.pl\/wp-content\/uploads\/2024\/12\/CC_BY-SA.png\" alt=\"\" class=\"wp-image-578\" style=\"width:134px;height:auto\" srcset=\"https:\/\/muzykawzamkuniebios.pl\/wp-content\/uploads\/2024\/12\/CC_BY-SA.png 379w, https:\/\/muzykawzamkuniebios.pl\/wp-content\/uploads\/2024\/12\/CC_BY-SA-300x105.png 300w\" sizes=\"auto, (max-width: 379px) 100vw, 379px\" \/><\/a><\/figure>\n<\/div>\n\n\n<p class=\"has-text-align-center has-small-font-size\"><em>Teksty zamieszczone na stronie <a href=\"https:\/\/muzykawzamkuniebios.pl\/\" data-type=\"page\" data-id=\"195\">Muzykawzamkuniebios.pl<\/a> <br>obj\u0119te s\u0105 licencj\u0105 <a href=\"https:\/\/creativecommons.org\/licenses\/by-sa\/4.0\/deed.pl\" target=\"_blank\" rel=\"noreferrer noopener\">CC BY-NC-SA 4.0<\/a> (Uznanie autorstwa \u2013 U\u017cycie niekomercyjne 4.0 Mi\u0119dzynarodowe).<\/em><\/p>\n","protected":false},"excerpt":{"rendered":"<p>Nie da si\u0119 ukry\u0107, \u017ce losy bydgoskiego przemys\u0142u zas\u0142uguj\u0105 co najmniej na sag\u0119 podobn\u0105 do \u0142\u00f3dzkiej \u201eZiemi obiecanej\u201d. Nie doczekali\u015bmy si\u0119 wprawdzie swojego Reymonta, jednak\u017ce grzechem by\u0142oby pomini\u0119cie roli, jak\u0105 odegra\u0142y dla dzisiejszego rozumienia dziedzictwa przemys\u0142owego relacje Jerzego Sulimy-Kami\u0144skiego czy Zbigniewa Raszewskiego. Pokolenie PRL z czu\u0142o\u015bci\u0105 wspomina powojenny rozkwit gospodarczy, zw\u0142aszcza w kontek\u015bcie wymierania przemys\u0142u [&hellip;]<\/p>\n","protected":false},"author":1,"featured_media":0,"parent":67,"menu_order":0,"comment_status":"closed","ping_status":"closed","template":"","meta":{"_vp_format_video_url":"","_vp_image_focal_point":[],"footnotes":""},"class_list":["post-73","page","type-page","status-publish","czr-hentry"],"_links":{"self":[{"href":"https:\/\/muzykawzamkuniebios.pl\/index.php?rest_route=\/wp\/v2\/pages\/73","targetHints":{"allow":["GET"]}}],"collection":[{"href":"https:\/\/muzykawzamkuniebios.pl\/index.php?rest_route=\/wp\/v2\/pages"}],"about":[{"href":"https:\/\/muzykawzamkuniebios.pl\/index.php?rest_route=\/wp\/v2\/types\/page"}],"author":[{"embeddable":true,"href":"https:\/\/muzykawzamkuniebios.pl\/index.php?rest_route=\/wp\/v2\/users\/1"}],"replies":[{"embeddable":true,"href":"https:\/\/muzykawzamkuniebios.pl\/index.php?rest_route=%2Fwp%2Fv2%2Fcomments&post=73"}],"version-history":[{"count":9,"href":"https:\/\/muzykawzamkuniebios.pl\/index.php?rest_route=\/wp\/v2\/pages\/73\/revisions"}],"predecessor-version":[{"id":587,"href":"https:\/\/muzykawzamkuniebios.pl\/index.php?rest_route=\/wp\/v2\/pages\/73\/revisions\/587"}],"up":[{"embeddable":true,"href":"https:\/\/muzykawzamkuniebios.pl\/index.php?rest_route=\/wp\/v2\/pages\/67"}],"wp:attachment":[{"href":"https:\/\/muzykawzamkuniebios.pl\/index.php?rest_route=%2Fwp%2Fv2%2Fmedia&parent=73"}],"curies":[{"name":"wp","href":"https:\/\/api.w.org\/{rel}","templated":true}]}}