{"id":734,"date":"2025-10-10T14:36:21","date_gmt":"2025-10-10T14:36:21","guid":{"rendered":"https:\/\/muzykawzamkuniebios.pl\/?page_id=734"},"modified":"2025-11-19T13:51:59","modified_gmt":"2025-11-19T13:51:59","slug":"23-11-2025-tromba-gloriosa","status":"publish","type":"page","link":"https:\/\/muzykawzamkuniebios.pl\/?page_id=734","title":{"rendered":"24.11.2025 Tromba gloriosa"},"content":{"rendered":"\n<figure class=\"wp-block-image size-large\"><img loading=\"lazy\" decoding=\"async\" width=\"1024\" height=\"545\" src=\"https:\/\/muzykawzamkuniebios.pl\/wp-content\/uploads\/2025\/10\/20251124-1-1024x545.jpg\" alt=\"\" class=\"wp-image-774\" srcset=\"https:\/\/muzykawzamkuniebios.pl\/wp-content\/uploads\/2025\/10\/20251124-1-1024x545.jpg 1024w, https:\/\/muzykawzamkuniebios.pl\/wp-content\/uploads\/2025\/10\/20251124-1-300x160.jpg 300w, https:\/\/muzykawzamkuniebios.pl\/wp-content\/uploads\/2025\/10\/20251124-1-768x409.jpg 768w, https:\/\/muzykawzamkuniebios.pl\/wp-content\/uploads\/2025\/10\/20251124-1-1536x818.jpg 1536w, https:\/\/muzykawzamkuniebios.pl\/wp-content\/uploads\/2025\/10\/20251124-1-500x266.jpg 500w, https:\/\/muzykawzamkuniebios.pl\/wp-content\/uploads\/2025\/10\/20251124-1-800x426.jpg 800w, https:\/\/muzykawzamkuniebios.pl\/wp-content\/uploads\/2025\/10\/20251124-1-1280x682.jpg 1280w, https:\/\/muzykawzamkuniebios.pl\/wp-content\/uploads\/2025\/10\/20251124-1.jpg 1654w\" sizes=\"auto, (max-width: 1024px) 100vw, 1024px\" \/><\/figure>\n\n\n\n<div style=\"height:65px\" aria-hidden=\"true\" class=\"wp-block-spacer\"><\/div>\n\n\n\n<div class=\"wp-block-buttons is-content-justification-center is-layout-flex wp-container-core-buttons-is-layout-16018d1d wp-block-buttons-is-layout-flex\">\n<div class=\"wp-block-button has-custom-width wp-block-button__width-50 is-style-outline is-style-outline--1\"><a class=\"wp-block-button__link wp-element-button\" href=\"https:\/\/app.evently.pl\/events\/10894-mzn-tromba-gloriosa\" target=\"_blank\" rel=\"noreferrer noopener\">bilety<\/a><\/div>\n\n\n\n<div class=\"wp-block-button has-custom-width wp-block-button__width-50 is-style-outline is-style-outline--2\"><a class=\"wp-block-button__link wp-element-button\" href=\"https:\/\/app.evently.pl\/?filter%5Bphrase%5D=mzn\" target=\"_blank\" rel=\"noreferrer noopener\">wszystkie bilety<\/a><\/div>\n<\/div>\n\n\n\n<div style=\"height:65px\" aria-hidden=\"true\" class=\"wp-block-spacer\"><\/div>\n\n\n\n<p><strong>poniedzia\u0142ek, 24 listopada 2025, godzina 18:00<br><strong><strong><strong>M\u0142yny Rothera, ul. <strong><strong>Mennica<\/strong><\/strong> 10, 85-112 Bydgoszcz<\/strong><\/strong> <\/strong><\/strong><\/p>\n\n\n\n<hr class=\"wp-block-separator has-alpha-channel-opacity\"\/>\n\n\n\n<p><strong>O KONCERCIE<\/strong><\/p>\n\n\n\n<p>W warstwie programowej zawarte zosta\u0142y dzie\u0142a austriackich kompozytor\u00f3w II po\u0142owy XVII w., wywodz\u0105cych si\u0119 z czterech o\u015brodk\u00f3w muzycznych Kromiery\u017ca, Wiednia, Salzburga i Pragi. Kluczem wyboru prezentowanych dzie\u0142 z jednej strony by\u0142a ch\u0119\u0107 ukazania zr\u00f3\u017cnicowanych form i rodzaju kompozycji w\u00f3wczas tworzonych na tr\u0105bk\u0119, z drugiej za\u015b prezentacja utwor\u00f3w inspirowanych technik\u0105 wiolinistyczn\u0105. Prezentowany program przedstawia mo\u017cliwie jak najszerzej spektrum tworzonych w\u00f3wczas form w kontek\u015bcie obsady i charakteru wyrazowego, s\u0105 to zar\u00f3wno utwory sakralne jak i \u015bwieckie reprezentuj\u0105ce styl Sacro Profanum. Wyr\u00f3\u017cnikiem programu jest tak\u017ce zr\u00f3\u017cnicowanie praktyki wykonawczej dotycz\u0105cej solistycznej sztuki clarino, kosortu tr\u0105bek, wykonawstwa muzyki militarnej oraz stylistyki gry polowej \u201eFeldtrompete\u201d. Koncert w M\u0142ynach Rothera b\u0119dzie koncertem topofonicznym, przestrznnym, zagranym nie tylko na parterze wewn\u0119trznego dziedzi\u0144ca, ale te\u017c z kilku poziom\u00f3w balkon\u00f3w otaczaj\u0105cych ten dziedziniec. Wpisze si\u0119 doskonale w ide\u0119 bachowskiego Zamku Niebios.<\/p>\n\n\n\n<hr class=\"wp-block-separator has-alpha-channel-opacity\"\/>\n\n\n\n<p><strong>PROGRAM<\/strong><\/p>\n\n\n\n<p>Pavel Josef Vejvanovsky (1640-1693) \u2013 Intrada<br><br>Pavel Josef Vejvanovsky (1640-1693) \u2014 Serenada XXIII<br><br>Pavel Josef Vejvanovsky (1640-1693) \u2013 Sonata Vespertina<br><br>Romanus Weichlein (1652-1706) \u2014 Sonata C \u2013 dur op. 1 Nr. 12,<br>Encaenia musices 1695<br><br>Augustin Kertzinger (zm. 1678) \u2014 Sonata \u00e0 9<br><br>Heinrich Ignaz Franz von Biber (1644 \u2013 1704) \u2013 Sonata S. Polycarpi<br><br>Augustin Kertzinger (zm. 1678) \u2014 Sonata \u00e0 12<br><br>Philipp Jakob Rittler (1637-1690) \u2014 Ciaccona \u00e0 8<br><br><br>Vincenzo Albrici (1631-1696) \u2014 Sonata \u00e0 5<br><br>Johann Heinrich Schmelzer (1623-1680) \u2014 Arie per il baletto a cavello.<br>Nella festa reppresentanta per le gloriosissime nozze, delle SS. CC. MM. di Leopoldo Primo Imperatore Augustissimo.<br><em>Corrente, Giga per Entrata, Follia, Allemanda, Sarabanda&nbsp;&nbsp;<\/em><\/p>\n\n\n\n<p><em>Organizator zastrzega sobie prawo do zmiany programu.<\/em><\/p>\n\n\n\n<hr class=\"wp-block-separator has-alpha-channel-opacity\"\/>\n\n\n\n<p><strong>WYKONAWCY<\/strong><\/p>\n\n\n\n<p>Micha\u0142 Tyra\u0144ski- tr\u0105bka<br>Artur Kovalchuk \u2014 tr\u0105bka<br>Julian Popitsanu \u2014 tr\u0105bka<br>Micha\u0142 Kowalski \u2014 tr\u0105bka<br>Antoni Ja\u017cd\u017cewski \u2014 tr\u0105bka<br>Karol Ga\u0144czarczyk \u2014 puzon altowy<br>Patryk Broda- puzon tenorowy<br>Tomasz Stolarczyk \u2014 puzon tenorowy<br>Andrzej Tkaczyk \u2014 puzon basowy<br>Grzegorz Jurczyk \u2014 kot\u0142y<br>Tomasz \u015alusarczyk \u2014 tr\u0105bka, prowadzenie<\/p>\n\n\n\n<p>Micha\u0142 Piotrowski \u2014 skrzypce<br>Natalia Tyra\u0144ska \u2014 skrzypce<br>Dominika Gancarz \u2014 alt\u00f3wka<br>Karina Krychun \u2014 gamba<br>Bartosz Kokosza \u2014 wiolonczela<br>Artur \u0141ukasik \u2014 kontrabas<br>Marek Przywarty \u2014 klawesyn<br>Maria Korzeniowska \u2014 gitara<br>Alicja \u017b\u0105d\u0142o \u2014 lutnia<br>Przemys\u0142aw J\u00f3zef Ba\u0142ka \u2014 teorba<\/p>\n\n\n\n<hr class=\"wp-block-separator has-alpha-channel-opacity\"\/>\n\n\n\n<figure class=\"wp-block-image alignwide size-large\"><img loading=\"lazy\" decoding=\"async\" width=\"1024\" height=\"503\" src=\"https:\/\/muzykawzamkuniebios.pl\/wp-content\/uploads\/2025\/11\/starck-1024x503.jpg\" alt=\"\" class=\"wp-image-1154\" srcset=\"https:\/\/muzykawzamkuniebios.pl\/wp-content\/uploads\/2025\/11\/starck-1024x503.jpg 1024w, https:\/\/muzykawzamkuniebios.pl\/wp-content\/uploads\/2025\/11\/starck-300x147.jpg 300w, https:\/\/muzykawzamkuniebios.pl\/wp-content\/uploads\/2025\/11\/starck-768x378.jpg 768w, https:\/\/muzykawzamkuniebios.pl\/wp-content\/uploads\/2025\/11\/starck-500x246.jpg 500w, https:\/\/muzykawzamkuniebios.pl\/wp-content\/uploads\/2025\/11\/starck-800x393.jpg 800w, https:\/\/muzykawzamkuniebios.pl\/wp-content\/uploads\/2025\/11\/starck-1280x629.jpg 1280w, https:\/\/muzykawzamkuniebios.pl\/wp-content\/uploads\/2025\/11\/starck.jpg 1316w\" sizes=\"auto, (max-width: 1024px) 100vw, 1024px\" \/><\/figure>\n\n\n\n<p><strong>Starck Compagnay <\/strong>kontynuje 400 letni\u0105 tradycj\u0119 Jasnog\u00f3rskiego Korpusu Tr\u0119baczy, najstarszego tego rodzaju zespo\u0142u znanego w \u00f3wczesnej Rzeczypospolitej. Nazwa zespo\u0142u wywodzi si\u0119 od nazwiska tw\u00f3rcy XVII-wiecznej tr\u0105bki zachowanej na Jasnej G\u00f3rze \u2013 Hieronymusa Starcka (1640\u20131693). Ide\u0105 zespo\u0142u jest wykonywanie na instrumentach historycznych muzyki dawnej, szczeg\u00f3lnie muzyki reprezentacyjnej, dworskiej i sakralnej, z szczeg\u00f3ln\u0105 dba\u0142o\u015bci\u0105 o umiejscowienie jej w kontek\u015bcie historycznym i liturgicznym.&nbsp;W warstwie programowej zesp\u00f3\u0142 odnosi si\u0119 do symboliki i znaczenia tr\u0105bki w okresie baroku, z jednej strony traktowanej jako instrument wojenny i paradny, z drugiej za\u015b uto\u017csamianej<br>z symbolami religijno-eschatologicznymi (g\u0142os Boga, 7 tr\u0105b apokalipsy). Muzycy docieraj\u0105 do nieznanych lub rzadko wykonywanych utwor\u00f3w, cz\u0119sto stawiaj\u0105cych przed wykonawc\u0105 wysokie wymagania, i poprzez nadanie im odpowiedniej oprawy ukazuj\u0105 ich pe\u0142ny blask. Rodzime kompozycje zachowane na Jasnej G\u00f3rze, w tym utwory kompozytor\u00f3w europejskich wykonywane w\u00f3wczas przez jasnog\u00f3rskich tr\u0119baczy, dope\u0142niaj\u0105 programy koncertowe zespo\u0142u.<\/p>\n\n\n\n<p>Najwa\u017cniejsze dot\u0105d zrealizowane projekty to <em>Missa Tridentina<\/em> i <em>Requiem Sarmackie<\/em>, <em>Vesperes Poloniae<\/em>, <em>Tuba Terribillis<\/em>, <em>Muzyka Cesarskiego Wiednia<\/em>, <em>Zaginione Pi\u0119kno<\/em>. Zesp\u00f3\u0142 wyst\u0119powa\u0142 na festiwalach <em>Kolory Polski<\/em> i <em>Mi\u0119dzynarodowym Przemyskim Festiwalu Salezja\u0144skie Lato<\/em> oraz na festiwalach w Rosji, Niemczech, Litwie na Ukrainie, na Jasnej G\u00f3rze w Cz\u0119stochowie.<\/p>\n\n\n\n<hr class=\"wp-block-separator has-alpha-channel-opacity\"\/>\n\n\n<div class=\"wp-block-image\">\n<figure class=\"alignleft size-full\"><img loading=\"lazy\" decoding=\"async\" width=\"800\" height=\"684\" src=\"https:\/\/muzykawzamkuniebios.pl\/wp-content\/uploads\/2025\/11\/tomasz-slusarczyk.jpg\" alt=\"\" class=\"wp-image-1133\" srcset=\"https:\/\/muzykawzamkuniebios.pl\/wp-content\/uploads\/2025\/11\/tomasz-slusarczyk.jpg 800w, https:\/\/muzykawzamkuniebios.pl\/wp-content\/uploads\/2025\/11\/tomasz-slusarczyk-300x257.jpg 300w, https:\/\/muzykawzamkuniebios.pl\/wp-content\/uploads\/2025\/11\/tomasz-slusarczyk-768x657.jpg 768w, https:\/\/muzykawzamkuniebios.pl\/wp-content\/uploads\/2025\/11\/tomasz-slusarczyk-500x428.jpg 500w\" sizes=\"auto, (max-width: 800px) 100vw, 800px\" \/><\/figure>\n<\/div>\n\n\n<p><strong>Tomasz \u015alusarczyk<\/strong> \u2013 urodzony w Przemy\u015blu, absolwent Zespo\u0142u Szk\u00f3\u0142 Muzycznych w Przemy\u015blu i Akademii Muzycznej w Krakowie (dyplom z wyr\u00f3\u017cnieniem). Od 1991 r. zwi\u0105zany by\u0142 z Capell\u0105 Cracoviensis i Radiow\u0105 Orkiestr\u0105 Symfoniczn\u0105, z kt\u00f3r\u0105 dokona\u0142 licznych nagra\u0144 dla polskiego radia i telewizji. Wsp\u00f3\u0142pracuje z wieloma orkiestrami w kraju i zagranic\u0105: Orkiestr\u0105 Filharmonii Krakowskiej, Orkiestr\u0105 Filharmonii Pozna\u0144skiej, Orkiestr\u0105 Opery i Filharmonii w Bia\u0142ymstoku, Warszawsk\u0105 Oper\u0105 Kameraln\u0105. Od 2005 r. wsp\u00f3\u0142pracuje ze s\u0142ynn\u0105 Orkiestr\u0105 XVIII wieku w Amsterdamie, pod dyrekcj\u0105 Fransa Br\u00fcggena. Koncertowa\u0142 jako solista i kameralista na wielu festiwalach w Rosji, Irlandii, Niemczech, Ukrainie, Korei, Wielkiej Brytanii. Zapraszany by\u0142 do wsp\u00f3\u0142pracy przez znakomitych muzyk\u00f3w: F. Br\u00fcggena, P. Esswooda, Ch. Hogwooda, M.Toporowskiego. Pod jego kierownictwem artystycznym Polska Orkiestra XVIII wieku dokona\u0142a szeregu nagra\u0144 muzykali\u00f3w Jasnog\u00f3rskich. Zaanga\u017cowany jest tak\u017ce w badania \u017ar\u00f3de\u0142 muzyki cerkiewnej na terenach dawnej Rzeczypospolitej. Cz\u0119sto zasiada jako juror podczas krajowych i zagranicznych konkurs\u00f3w. Prowadzi szerok\u0105 dzia\u0142alno\u015b\u0107 pedagogiczn\u0105 w kraju i zagranic\u0105 w trakcie licznych kurs\u00f3w i warsztat\u00f3w. W Akademii Muzycznej w Krakowie i Uniwersytecie Muzycznym Fryderyka Chopina w Warszawie prowadzi klas\u0119 tr\u0105bki naturalnej, jest tak\u017ce profesorem wizytuj\u0105cym w \u0141uga\u0144skiej Narodowej Akademii Sztuki w Kijowie.<\/p>\n","protected":false},"excerpt":{"rendered":"<p>poniedzia\u0142ek, 24 listopada 2025, godzina 18:00M\u0142yny Rothera, ul. Mennica 10, 85-112 Bydgoszcz O KONCERCIE W warstwie programowej zawarte zosta\u0142y dzie\u0142a austriackich kompozytor\u00f3w II po\u0142owy XVII w., wywodz\u0105cych si\u0119 z czterech o\u015brodk\u00f3w muzycznych Kromiery\u017ca, Wiednia, Salzburga i Pragi. Kluczem wyboru prezentowanych dzie\u0142 z jednej strony by\u0142a ch\u0119\u0107 ukazania zr\u00f3\u017cnicowanych form i rodzaju kompozycji w\u00f3wczas tworzonych na [&hellip;]<\/p>\n","protected":false},"author":1,"featured_media":0,"parent":601,"menu_order":0,"comment_status":"closed","ping_status":"closed","template":"","meta":{"_vp_format_video_url":"","_vp_image_focal_point":[],"footnotes":""},"class_list":["post-734","page","type-page","status-publish","czr-hentry"],"_links":{"self":[{"href":"https:\/\/muzykawzamkuniebios.pl\/index.php?rest_route=\/wp\/v2\/pages\/734","targetHints":{"allow":["GET"]}}],"collection":[{"href":"https:\/\/muzykawzamkuniebios.pl\/index.php?rest_route=\/wp\/v2\/pages"}],"about":[{"href":"https:\/\/muzykawzamkuniebios.pl\/index.php?rest_route=\/wp\/v2\/types\/page"}],"author":[{"embeddable":true,"href":"https:\/\/muzykawzamkuniebios.pl\/index.php?rest_route=\/wp\/v2\/users\/1"}],"replies":[{"embeddable":true,"href":"https:\/\/muzykawzamkuniebios.pl\/index.php?rest_route=%2Fwp%2Fv2%2Fcomments&post=734"}],"version-history":[{"count":23,"href":"https:\/\/muzykawzamkuniebios.pl\/index.php?rest_route=\/wp\/v2\/pages\/734\/revisions"}],"predecessor-version":[{"id":1159,"href":"https:\/\/muzykawzamkuniebios.pl\/index.php?rest_route=\/wp\/v2\/pages\/734\/revisions\/1159"}],"up":[{"embeddable":true,"href":"https:\/\/muzykawzamkuniebios.pl\/index.php?rest_route=\/wp\/v2\/pages\/601"}],"wp:attachment":[{"href":"https:\/\/muzykawzamkuniebios.pl\/index.php?rest_route=%2Fwp%2Fv2%2Fmedia&parent=734"}],"curies":[{"name":"wp","href":"https:\/\/api.w.org\/{rel}","templated":true}]}}